{"id":3988,"date":"2025-06-02T14:09:04","date_gmt":"2025-06-02T12:09:04","guid":{"rendered":"https:\/\/www.circ-panic.com\/espectaculos-en-activo\/"},"modified":"2025-11-03T17:39:57","modified_gmt":"2025-11-03T16:39:57","slug":"espectaculos-en-activo","status":"publish","type":"page","link":"https:\/\/www.circ-panic.com\/es\/espectaculos-en-activo\/","title":{"rendered":"Espect\u00e1culos en activo"},"content":{"rendered":"[vc_row type=\u00bbfull_width_background\u00bb full_screen_row_position=\u00bbmiddle\u00bb column_margin=\u00bbdefault\u00bb column_direction=\u00bbdefault\u00bb column_direction_tablet=\u00bbdefault\u00bb column_direction_phone=\u00bbdefault\u00bb scene_position=\u00bbcenter\u00bb top_padding=\u00bb4%\u00bb bottom_padding=\u00bb2%\u00bb text_color=\u00bbdark\u00bb text_align=\u00bbcenter\u00bb row_border_radius=\u00bbnone\u00bb row_border_radius_applies=\u00bbbg\u00bb overflow=\u00bbvisible\u00bb advanced_gradient_angle=\u00bb0&#8243; overlay_strength=\u00bb0.3&#8243; gradient_direction=\u00bbleft_to_right\u00bb shape_divider_position=\u00bbbottom\u00bb bg_image_animation=\u00bbnone\u00bb shape_type=\u00bb\u00bb gradient_type=\u00bbdefault\u00bb][vc_column column_padding=\u00bbno-extra-padding\u00bb column_padding_tablet=\u00bbinherit\u00bb column_padding_phone=\u00bbinherit\u00bb column_padding_position=\u00bball\u00bb column_element_direction_desktop=\u00bbdefault\u00bb column_element_spacing=\u00bbdefault\u00bb desktop_text_alignment=\u00bbdefault\u00bb tablet_text_alignment=\u00bbdefault\u00bb phone_text_alignment=\u00bbdefault\u00bb background_color_opacity=\u00bb1&#8243; background_hover_color_opacity=\u00bb1&#8243; column_backdrop_filter=\u00bbnone\u00bb column_shadow=\u00bbnone\u00bb column_border_radius=\u00bbnone\u00bb column_link_target=\u00bb_self\u00bb column_position=\u00bbdefault\u00bb gradient_direction=\u00bbleft_to_right\u00bb overlay_strength=\u00bb0.3&#8243; width=\u00bb1\/1&#8243; tablet_width_inherit=\u00bbdefault\u00bb animation_type=\u00bbdefault\u00bb bg_image_animation=\u00bbnone\u00bb border_type=\u00bbsimple\u00bb column_border_width=\u00bbnone\u00bb column_border_style=\u00bbsolid\u00bb][nectar_highlighted_text scribble_color=\u00bb#ffce59&#8243; style=\u00bbscribble\u00bb scribble_shape=\u00bbbasic-underline\u00bb scribble_thickness=\u00bbthick\u00bb scribble_speed=\u00bb1.8s\u00bb scribble_easing=\u00bbease_in_out\u00bb custom_font_size=\u00bb43px\u00bb text_direction=\u00bbdefault\u00bb]\n<h1><em>Espect\u00e1culos en activo<\/em><\/h1>\n[\/nectar_highlighted_text][vc_column_text css=\u00bb\u00bb text_direction=\u00bbdefault\u00bb]\n<p style=\"text-align: center;\" data-pm-slice=\"1 1 []\">Consulta los espect\u00e1culos que la compa\u00f1\u00eda tiene activos en este momento.<\/p>\n[\/vc_column_text][nectar_post_grid post_type=\u00bbportfolio\u00bb portfolio_category=\u00bbespectacles-actiu\u00bb portfolio_starting_category=\u00bball\u00bb order=\u00bbDESC\u00bb orderby=\u00bbdate\u00bb pagination=\u00bbnone\u00bb columns=\u00bb3&#8243; columns_tablet=\u00bbdefault\u00bb columns_phone=\u00bbdefault\u00bb grid_item_spacing=\u00bb15px\u00bb grid_item_height=\u00bb50vh\u00bb 3_col_masonry_layout=\u00bbdefault\u00bb image_size=\u00bblarge\u00bb image_loading=\u00bbdefault\u00bb animation=\u00bbfade-in-from-bottom\u00bb animation_stagger=\u00bb90&#8243; animation_easing=\u00bbdefault\u00bb heading_tag=\u00bbdefault\u00bb heading_tag_render=\u00bbdefault\u00bb enable_indicator=\u00bbyes\u00bb mouse_indicator_style=\u00bbdefault\u00bb mouse_indicator_text=\u00bbview\u00bb mouse_indicator_color=\u00bb#dca434&#8243; mouse_indicator_text_color=\u00bb#ffffff\u00bb display_categories=\u00bbyes\u00bb category_functionality=\u00bbstatic\u00bb category_position=\u00bbdefault\u00bb category_style=\u00bbunderline\u00bb category_display=\u00bbdefault\u00bb additional_meta_size=\u00bbdefault\u00bb custom_fields_location=\u00bbbefore_post_meta\u00bb grid_style=\u00bbcontent_under_image\u00bb content_under_image_text_align=\u00bbleft\u00bb text_color=\u00bbdark\u00bb hover_effect=\u00bbanimated_underline_zoom\u00bb border_radius=\u00bb10px\u00bb display_type=\u00bbgrid\u00bb][\/vc_column][\/vc_row][vc_row type=\u00bbfull_width_background\u00bb full_screen_row_position=\u00bbmiddle\u00bb column_margin=\u00bbdefault\u00bb column_direction=\u00bbdefault\u00bb column_direction_tablet=\u00bbdefault\u00bb column_direction_phone=\u00bbdefault\u00bb scene_position=\u00bbcenter\u00bb top_padding=\u00bb2%\u00bb bottom_padding=\u00bb4%\u00bb text_color=\u00bbdark\u00bb text_align=\u00bbcenter\u00bb row_border_radius=\u00bbnone\u00bb row_border_radius_applies=\u00bbbg\u00bb overflow=\u00bbvisible\u00bb advanced_gradient_angle=\u00bb0&#8243; overlay_strength=\u00bb0.3&#8243; gradient_direction=\u00bbleft_to_right\u00bb shape_divider_position=\u00bbbottom\u00bb bg_image_animation=\u00bbnone\u00bb shape_type=\u00bb\u00bb gradient_type=\u00bbdefault\u00bb][vc_column column_padding=\u00bbno-extra-padding\u00bb column_padding_tablet=\u00bbinherit\u00bb column_padding_phone=\u00bbinherit\u00bb column_padding_position=\u00bball\u00bb column_element_direction_desktop=\u00bbdefault\u00bb column_element_spacing=\u00bbdefault\u00bb desktop_text_alignment=\u00bbdefault\u00bb tablet_text_alignment=\u00bbdefault\u00bb phone_text_alignment=\u00bbdefault\u00bb background_color_opacity=\u00bb1&#8243; background_hover_color_opacity=\u00bb1&#8243; column_backdrop_filter=\u00bbnone\u00bb column_shadow=\u00bbnone\u00bb column_border_radius=\u00bbnone\u00bb column_link_target=\u00bb_self\u00bb column_position=\u00bbdefault\u00bb gradient_direction=\u00bbleft_to_right\u00bb overlay_strength=\u00bb0.3&#8243; width=\u00bb1\/1&#8243; tablet_width_inherit=\u00bbdefault\u00bb animation_type=\u00bbdefault\u00bb bg_image_animation=\u00bbnone\u00bb border_type=\u00bbsimple\u00bb column_border_width=\u00bbnone\u00bb column_border_style=\u00bbsolid\u00bb][nectar_highlighted_text scribble_color=\u00bb#ffce59&#8243; style=\u00bbscribble\u00bb scribble_shape=\u00bbbasic-underline\u00bb scribble_thickness=\u00bbthick\u00bb scribble_speed=\u00bb1.8s\u00bb scribble_easing=\u00bbease_in_out\u00bb custom_font_size=\u00bb43px\u00bb text_direction=\u00bbdefault\u00bb]\n<h1><em>Espect\u00e1culos anteriores<\/em><\/h1>\n[\/nectar_highlighted_text][vc_column_text css=\u00bb\u00bb text_direction=\u00bbdefault\u00bb]\n<p style=\"text-align: center;\" data-pm-slice=\"1 1 []\">Consulta los espect\u00e1culos que la compa\u00f1\u00eda tiene activos en este momento.<\/p>\n[\/vc_column_text][nectar_post_grid post_type=\u00bbportfolio\u00bb portfolio_category=\u00bbespectacles-anteriors\u00bb portfolio_starting_category=\u00bball\u00bb order=\u00bbDESC\u00bb orderby=\u00bbdate\u00bb pagination=\u00bbnone\u00bb columns=\u00bb3&#8243; columns_tablet=\u00bbdefault\u00bb columns_phone=\u00bbdefault\u00bb grid_item_spacing=\u00bb15px\u00bb grid_item_height=\u00bb50vh\u00bb 3_col_masonry_layout=\u00bbdefault\u00bb image_size=\u00bblarge\u00bb image_loading=\u00bbdefault\u00bb animation=\u00bbfade-in-from-bottom\u00bb animation_stagger=\u00bb90&#8243; animation_easing=\u00bbdefault\u00bb heading_tag=\u00bbdefault\u00bb heading_tag_render=\u00bbdefault\u00bb enable_indicator=\u00bbyes\u00bb mouse_indicator_style=\u00bbdefault\u00bb mouse_indicator_text=\u00bbview\u00bb mouse_indicator_color=\u00bb#dca434&#8243; mouse_indicator_text_color=\u00bb#ffffff\u00bb display_categories=\u00bbyes\u00bb category_functionality=\u00bbstatic\u00bb category_position=\u00bbdefault\u00bb category_style=\u00bbunderline\u00bb category_display=\u00bbdefault\u00bb additional_meta_size=\u00bbdefault\u00bb custom_fields_location=\u00bbbefore_post_meta\u00bb grid_style=\u00bbcontent_under_image\u00bb content_under_image_text_align=\u00bbleft\u00bb text_color=\u00bbdark\u00bb hover_effect=\u00bbanimated_underline_zoom\u00bb border_radius=\u00bb10px\u00bb display_type=\u00bbgrid\u00bb][\/vc_column][\/vc_row]\n","protected":false},"excerpt":{"rendered":"<p>[vc_row type=\u00bbfull_width_background\u00bb full_screen_row_position=\u00bbmiddle\u00bb column_margin=\u00bbdefault\u00bb column_direction=\u00bbdefault\u00bb column_direction_tablet=\u00bbdefault\u00bb column_direction_phone=\u00bbdefault\u00bb scene_position=\u00bbcenter\u00bb top_padding=\u00bb4%\u00bb bottom_padding=\u00bb2%\u00bb text_color=\u00bbdark\u00bb text_align=\u00bbcenter\u00bb row_border_radius=\u00bbnone\u00bb row_border_radius_applies=\u00bbbg\u00bb overflow=\u00bbvisible\u00bb advanced_gradient_angle=\u00bb0&#8243; overlay_strength=\u00bb0.3&#8243; gradient_direction=\u00bbleft_to_right\u00bb shape_divider_position=\u00bbbottom\u00bb bg_image_animation=\u00bbnone\u00bb shape_type=\u00bb\u00bb gradient_type=\u00bbdefault\u00bb][vc_column column_padding=\u00bbno-extra-padding\u00bb column_padding_tablet=\u00bbinherit\u00bb column_padding_phone=\u00bbinherit\u00bb column_padding_position=\u00bball\u00bb column_element_direction_desktop=\u00bbdefault\u00bb column_element_spacing=\u00bbdefault\u00bb desktop_text_alignment=\u00bbdefault\u00bb tablet_text_alignment=\u00bbdefault\u00bb&#8230;<\/p>\n","protected":false},"author":1,"featured_media":0,"parent":0,"menu_order":0,"comment_status":"closed","ping_status":"closed","template":"","meta":{"footnotes":""},"class_list":["post-3988","page","type-page","status-publish"],"yoast_head":"<!-- This site is optimized with the Yoast SEO plugin v27.5 - https:\/\/yoast.com\/product\/yoast-seo-wordpress\/ -->\n<title>Espect\u00e1culos en activo - Circ Panic<\/title>\n<meta name=\"description\" content=\"Consulta la lista de nuestros espect\u00e1culos, si quieres saber m\u00e1s, ponte en contacto con nosotros para aclarar cualquier duda.\" \/>\n<meta name=\"robots\" content=\"index, follow, max-snippet:-1, max-image-preview:large, max-video-preview:-1\" \/>\n<link rel=\"canonical\" href=\"https:\/\/www.circ-panic.com\/es\/espectaculos-en-activo\/\" \/>\n<meta property=\"og:locale\" content=\"es_ES\" \/>\n<meta property=\"og:type\" content=\"article\" \/>\n<meta property=\"og:title\" content=\"Espect\u00e1culos en activo - Circ Panic\" \/>\n<meta property=\"og:description\" content=\"Consulta la lista de nuestros espect\u00e1culos, si quieres saber m\u00e1s, ponte en contacto con nosotros para aclarar cualquier duda.\" \/>\n<meta property=\"og:url\" content=\"https:\/\/www.circ-panic.com\/es\/espectaculos-en-activo\/\" \/>\n<meta property=\"og:site_name\" content=\"Circ Panic\" \/>\n<meta property=\"article:publisher\" content=\"https:\/\/www.facebook.com\/profile.php?id=100080639475200\" \/>\n<meta property=\"article:modified_time\" content=\"2025-11-03T16:39:57+00:00\" \/>\n<meta name=\"twitter:card\" content=\"summary_large_image\" \/>\n<meta name=\"twitter:label1\" content=\"Tiempo de lectura\" \/>\n\t<meta name=\"twitter:data1\" content=\"4 minutos\" \/>\n<script type=\"application\/ld+json\" class=\"yoast-schema-graph\">{\"@context\":\"https:\\\/\\\/schema.org\",\"@graph\":[{\"@type\":\"WebPage\",\"@id\":\"https:\\\/\\\/www.circ-panic.com\\\/es\\\/espectaculos-en-activo\\\/\",\"url\":\"https:\\\/\\\/www.circ-panic.com\\\/es\\\/espectaculos-en-activo\\\/\",\"name\":\"Espect\u00e1culos en activo - Circ Panic\",\"isPartOf\":{\"@id\":\"https:\\\/\\\/www.circ-panic.com\\\/es\\\/#website\"},\"datePublished\":\"2025-06-02T12:09:04+00:00\",\"dateModified\":\"2025-11-03T16:39:57+00:00\",\"description\":\"Consulta la lista de nuestros espect\u00e1culos, si quieres saber m\u00e1s, ponte en contacto con nosotros para aclarar cualquier duda.\",\"breadcrumb\":{\"@id\":\"https:\\\/\\\/www.circ-panic.com\\\/es\\\/espectaculos-en-activo\\\/#breadcrumb\"},\"inLanguage\":\"es\",\"potentialAction\":[{\"@type\":\"ReadAction\",\"target\":[\"https:\\\/\\\/www.circ-panic.com\\\/es\\\/espectaculos-en-activo\\\/\"]}]},{\"@type\":\"BreadcrumbList\",\"@id\":\"https:\\\/\\\/www.circ-panic.com\\\/es\\\/espectaculos-en-activo\\\/#breadcrumb\",\"itemListElement\":[{\"@type\":\"ListItem\",\"position\":1,\"name\":\"Portada\",\"item\":\"https:\\\/\\\/www.circ-panic.com\\\/es\\\/inicio\\\/\"},{\"@type\":\"ListItem\",\"position\":2,\"name\":\"Espect\u00e1culos en activo\"}]},{\"@type\":\"WebSite\",\"@id\":\"https:\\\/\\\/www.circ-panic.com\\\/es\\\/#website\",\"url\":\"https:\\\/\\\/www.circ-panic.com\\\/es\\\/\",\"name\":\"Circ Panic\",\"description\":\"Companyia de circ contemporani i arts esc\u00e8niques al carrer\",\"publisher\":{\"@id\":\"https:\\\/\\\/www.circ-panic.com\\\/es\\\/#organization\"},\"potentialAction\":[{\"@type\":\"SearchAction\",\"target\":{\"@type\":\"EntryPoint\",\"urlTemplate\":\"https:\\\/\\\/www.circ-panic.com\\\/es\\\/?s={search_term_string}\"},\"query-input\":{\"@type\":\"PropertyValueSpecification\",\"valueRequired\":true,\"valueName\":\"search_term_string\"}}],\"inLanguage\":\"es\"},{\"@type\":\"Organization\",\"@id\":\"https:\\\/\\\/www.circ-panic.com\\\/es\\\/#organization\",\"name\":\"Circ Panic\",\"url\":\"https:\\\/\\\/www.circ-panic.com\\\/es\\\/\",\"logo\":{\"@type\":\"ImageObject\",\"inLanguage\":\"es\",\"@id\":\"https:\\\/\\\/www.circ-panic.com\\\/es\\\/#\\\/schema\\\/logo\\\/image\\\/\",\"url\":\"https:\\\/\\\/www.circ-panic.com\\\/wp-content\\\/uploads\\\/2025\\\/07\\\/FAVICON.png\",\"contentUrl\":\"https:\\\/\\\/www.circ-panic.com\\\/wp-content\\\/uploads\\\/2025\\\/07\\\/FAVICON.png\",\"width\":512,\"height\":512,\"caption\":\"Circ Panic\"},\"image\":{\"@id\":\"https:\\\/\\\/www.circ-panic.com\\\/es\\\/#\\\/schema\\\/logo\\\/image\\\/\"},\"sameAs\":[\"https:\\\/\\\/www.facebook.com\\\/profile.php?id=100080639475200\",\"https:\\\/\\\/www.instagram.com\\\/circpanic\\\/\",\"https:\\\/\\\/www.youtube.com\\\/@CiaCircPanic_JordiPanareda\"]}]}<\/script>\n<!-- \/ Yoast SEO plugin. -->","yoast_head_json":{"title":"Espect\u00e1culos en activo - Circ Panic","description":"Consulta la lista de nuestros espect\u00e1culos, si quieres saber m\u00e1s, ponte en contacto con nosotros para aclarar cualquier duda.","robots":{"index":"index","follow":"follow","max-snippet":"max-snippet:-1","max-image-preview":"max-image-preview:large","max-video-preview":"max-video-preview:-1"},"canonical":"https:\/\/www.circ-panic.com\/es\/espectaculos-en-activo\/","og_locale":"es_ES","og_type":"article","og_title":"Espect\u00e1culos en activo - Circ Panic","og_description":"Consulta la lista de nuestros espect\u00e1culos, si quieres saber m\u00e1s, ponte en contacto con nosotros para aclarar cualquier duda.","og_url":"https:\/\/www.circ-panic.com\/es\/espectaculos-en-activo\/","og_site_name":"Circ Panic","article_publisher":"https:\/\/www.facebook.com\/profile.php?id=100080639475200","article_modified_time":"2025-11-03T16:39:57+00:00","twitter_card":"summary_large_image","twitter_misc":{"Tiempo de lectura":"4 minutos"},"schema":{"@context":"https:\/\/schema.org","@graph":[{"@type":"WebPage","@id":"https:\/\/www.circ-panic.com\/es\/espectaculos-en-activo\/","url":"https:\/\/www.circ-panic.com\/es\/espectaculos-en-activo\/","name":"Espect\u00e1culos en activo - Circ Panic","isPartOf":{"@id":"https:\/\/www.circ-panic.com\/es\/#website"},"datePublished":"2025-06-02T12:09:04+00:00","dateModified":"2025-11-03T16:39:57+00:00","description":"Consulta la lista de nuestros espect\u00e1culos, si quieres saber m\u00e1s, ponte en contacto con nosotros para aclarar cualquier duda.","breadcrumb":{"@id":"https:\/\/www.circ-panic.com\/es\/espectaculos-en-activo\/#breadcrumb"},"inLanguage":"es","potentialAction":[{"@type":"ReadAction","target":["https:\/\/www.circ-panic.com\/es\/espectaculos-en-activo\/"]}]},{"@type":"BreadcrumbList","@id":"https:\/\/www.circ-panic.com\/es\/espectaculos-en-activo\/#breadcrumb","itemListElement":[{"@type":"ListItem","position":1,"name":"Portada","item":"https:\/\/www.circ-panic.com\/es\/inicio\/"},{"@type":"ListItem","position":2,"name":"Espect\u00e1culos en activo"}]},{"@type":"WebSite","@id":"https:\/\/www.circ-panic.com\/es\/#website","url":"https:\/\/www.circ-panic.com\/es\/","name":"Circ Panic","description":"Companyia de circ contemporani i arts esc\u00e8niques al carrer","publisher":{"@id":"https:\/\/www.circ-panic.com\/es\/#organization"},"potentialAction":[{"@type":"SearchAction","target":{"@type":"EntryPoint","urlTemplate":"https:\/\/www.circ-panic.com\/es\/?s={search_term_string}"},"query-input":{"@type":"PropertyValueSpecification","valueRequired":true,"valueName":"search_term_string"}}],"inLanguage":"es"},{"@type":"Organization","@id":"https:\/\/www.circ-panic.com\/es\/#organization","name":"Circ Panic","url":"https:\/\/www.circ-panic.com\/es\/","logo":{"@type":"ImageObject","inLanguage":"es","@id":"https:\/\/www.circ-panic.com\/es\/#\/schema\/logo\/image\/","url":"https:\/\/www.circ-panic.com\/wp-content\/uploads\/2025\/07\/FAVICON.png","contentUrl":"https:\/\/www.circ-panic.com\/wp-content\/uploads\/2025\/07\/FAVICON.png","width":512,"height":512,"caption":"Circ Panic"},"image":{"@id":"https:\/\/www.circ-panic.com\/es\/#\/schema\/logo\/image\/"},"sameAs":["https:\/\/www.facebook.com\/profile.php?id=100080639475200","https:\/\/www.instagram.com\/circpanic\/","https:\/\/www.youtube.com\/@CiaCircPanic_JordiPanareda"]}]}},"_links":{"self":[{"href":"https:\/\/www.circ-panic.com\/es\/wp-json\/wp\/v2\/pages\/3988","targetHints":{"allow":["GET"]}}],"collection":[{"href":"https:\/\/www.circ-panic.com\/es\/wp-json\/wp\/v2\/pages"}],"about":[{"href":"https:\/\/www.circ-panic.com\/es\/wp-json\/wp\/v2\/types\/page"}],"author":[{"embeddable":true,"href":"https:\/\/www.circ-panic.com\/es\/wp-json\/wp\/v2\/users\/1"}],"replies":[{"embeddable":true,"href":"https:\/\/www.circ-panic.com\/es\/wp-json\/wp\/v2\/comments?post=3988"}],"version-history":[{"count":8,"href":"https:\/\/www.circ-panic.com\/es\/wp-json\/wp\/v2\/pages\/3988\/revisions"}],"predecessor-version":[{"id":3996,"href":"https:\/\/www.circ-panic.com\/es\/wp-json\/wp\/v2\/pages\/3988\/revisions\/3996"}],"wp:attachment":[{"href":"https:\/\/www.circ-panic.com\/es\/wp-json\/wp\/v2\/media?parent=3988"}],"curies":[{"name":"wp","href":"https:\/\/api.w.org\/{rel}","templated":true}]}}